{"id":2732,"date":"2021-01-13T16:02:15","date_gmt":"2021-01-13T15:02:15","guid":{"rendered":"https:\/\/le-noyau-du-jardin.com\/subscribe-to-podcast-2\/"},"modified":"2022-09-09T09:50:07","modified_gmt":"2022-09-09T07:50:07","slug":"subscribe-to-podcast-2","status":"publish","type":"page","link":"https:\/\/le-noyau-du-jardin.com\/?page_id=2732","title":{"rendered":"S&rsquo;abonner au Podcast"},"content":{"rendered":"\t\t<div data-elementor-type=\"wp-page\" data-elementor-id=\"2732\" class=\"elementor elementor-2732\" data-elementor-post-type=\"page\">\n\t\t\t\t\t\t<section class=\"elementor-section elementor-top-section elementor-element elementor-element-885c063 elementor-section-boxed elementor-section-height-default elementor-section-height-default\" data-id=\"885c063\" data-element_type=\"section\" data-e-type=\"section\">\n\t\t\t\t\t\t<div class=\"elementor-container elementor-column-gap-default\">\n\t\t\t\t\t<div class=\"elementor-column elementor-col-100 elementor-top-column elementor-element elementor-element-06d08cb\" data-id=\"06d08cb\" data-element_type=\"column\" data-e-type=\"column\">\n\t\t\t<div class=\"elementor-widget-wrap elementor-element-populated\">\n\t\t\t\t\t\t<div class=\"elementor-element elementor-element-c76a49e elementor-widget elementor-widget-text-editor\" data-id=\"c76a49e\" data-element_type=\"widget\" data-e-type=\"widget\" data-widget_type=\"text-editor.default\">\n\t\t\t\t<div class=\"elementor-widget-container\">\n\t\t\t\t\t\t\t\t\t<p>En souscrivant \u00e0 ce podcast,<\/p>\t\t\t\t\t\t\t\t<\/div>\n\t\t\t\t<\/div>\n\t\t\t\t\t<\/div>\n\t\t<\/div>\n\t\t\t\t\t<\/div>\n\t\t<\/section>\n\t\t\t\t<section class=\"elementor-section elementor-top-section elementor-element elementor-element-7ab88438 elementor-section-boxed elementor-section-height-default elementor-section-height-default\" data-id=\"7ab88438\" data-element_type=\"section\" data-e-type=\"section\">\n\t\t\t\t\t\t<div class=\"elementor-container elementor-column-gap-default\">\n\t\t\t\t\t<div class=\"elementor-column elementor-col-100 elementor-top-column elementor-element elementor-element-4cf02890\" data-id=\"4cf02890\" data-element_type=\"column\" data-e-type=\"column\">\n\t\t\t<div class=\"elementor-widget-wrap elementor-element-populated\">\n\t\t\t\t\t\t<div class=\"elementor-element elementor-element-3f618853 elementor-widget elementor-widget-text-editor\" data-id=\"3f618853\" data-element_type=\"widget\" data-e-type=\"widget\" data-widget_type=\"text-editor.default\">\n\t\t\t\t<div class=\"elementor-widget-container\">\n\t\t\t\t\t\t\t\t\t<p><strong>vous recevrez automatiquement les derniers \u00e9pisodes<\/strong> directement sur votre ordinateur ou votre t\u00e9l\u00e9phone portable. S\u00e9lectionnez ci-dessous la m\u00e9thode de souscription qui correspond le mieux \u00e0 vos souhaits.<\/p><p><\/p><h3>iOS (iPhone, iPad, and iPod)<\/h3><p>Pour souscrire, s\u00e9lectionnez \u00ab\u00a0Subscribe on Apple Podcasts\u00a0\u00bb sur le bouton correspondant du tableau ci-dessus.<\/p><h3>Mac ou Windows<\/h3><p>Pour souscrire, s\u00e9lectionnez \u00ab\u00a0Subscribe on Apple Podcasts\u00a0\u00bb sur le bouton correspondant du tableau ci-dessus.<\/p><h3>Android ou Amazon Fire<\/h3><p>Pour souscrire, s\u00e9lectionnez\u00a0 \u00ab\u00a0Subscribe on Android\u00a0\u00bb sur le bouton correspondant du tableau ci-dessus.<\/p><h3>Votre application favorite<\/h3><p>Copiez l&rsquo;adresse que vous trouverez dans la fen\u00eatre ci-dessus et collez l\u00e0 dans votre application de podcast pr\u00e9f\u00e9r\u00e9e ou votre nouveau \u00ab\u00a0reader\u00a0\u00bb.<\/p><h3>Mettre ce podcast dans vos favoris<\/h3><p>Pour mettre ce site de podcast en favori, appuyez sur les touches \u00ab\u00a0Ctrl\u00a0\u00bb et \u00ab\u00a0D\u00a0\u00bb sur votre clavier Windows, ou \u00ab\u00a0Command\u00a0\u00bb + \u00ab\u00a0D\u00a0\u00bb pour Mac.<\/p>\t\t\t\t\t\t\t\t<\/div>\n\t\t\t\t<\/div>\n\t\t\t\t\t<\/div>\n\t\t<\/div>\n\t\t\t\t\t<\/div>\n\t\t<\/section>\n\t\t\t\t<\/div>\n\t\t","protected":false},"excerpt":{"rendered":"<p>En souscrivant \u00e0 ce podcast, vous recevrez automatiquement les derniers \u00e9pisodes directement sur votre ordinateur ou votre t\u00e9l\u00e9phone portable. S\u00e9lectionnez ci-dessous la m\u00e9thode de souscription qui correspond le mieux \u00e0 vos souhaits. iOS (iPhone, iPad, and iPod) Pour souscrire, s\u00e9lectionnez \u00ab\u00a0Subscribe on Apple Podcasts\u00a0\u00bb sur le bouton correspondant du tableau ci-dessus. Mac ou Windows Pour [&hellip;]<\/p>\n","protected":false},"author":1,"featured_media":0,"parent":0,"menu_order":0,"comment_status":"closed","ping_status":"closed","template":"","meta":{"ocean_post_layout":"","ocean_both_sidebars_style":"","ocean_both_sidebars_content_width":0,"ocean_both_sidebars_sidebars_width":0,"ocean_sidebar":"0","ocean_second_sidebar":"0","ocean_disable_margins":"enable","ocean_add_body_class":"","ocean_shortcode_before_top_bar":"","ocean_shortcode_after_top_bar":"","ocean_shortcode_before_header":"","ocean_shortcode_after_header":"","ocean_has_shortcode":"","ocean_shortcode_after_title":"","ocean_shortcode_before_footer_widgets":"","ocean_shortcode_after_footer_widgets":"","ocean_shortcode_before_footer_bottom":"","ocean_shortcode_after_footer_bottom":"","ocean_display_top_bar":"default","ocean_display_header":"default","ocean_header_style":"","ocean_center_header_left_menu":"0","ocean_custom_header_template":"0","ocean_custom_logo":0,"ocean_custom_retina_logo":0,"ocean_custom_logo_max_width":0,"ocean_custom_logo_tablet_max_width":0,"ocean_custom_logo_mobile_max_width":0,"ocean_custom_logo_max_height":0,"ocean_custom_logo_tablet_max_height":0,"ocean_custom_logo_mobile_max_height":0,"ocean_header_custom_menu":"0","ocean_menu_typo_font_family":"0","ocean_menu_typo_font_subset":"","ocean_menu_typo_font_size":0,"ocean_menu_typo_font_size_tablet":0,"ocean_menu_typo_font_size_mobile":0,"ocean_menu_typo_font_size_unit":"px","ocean_menu_typo_font_weight":"","ocean_menu_typo_font_weight_tablet":"","ocean_menu_typo_font_weight_mobile":"","ocean_menu_typo_transform":"","ocean_menu_typo_transform_tablet":"","ocean_menu_typo_transform_mobile":"","ocean_menu_typo_line_height":0,"ocean_menu_typo_line_height_tablet":0,"ocean_menu_typo_line_height_mobile":0,"ocean_menu_typo_line_height_unit":"","ocean_menu_typo_spacing":0,"ocean_menu_typo_spacing_tablet":0,"ocean_menu_typo_spacing_mobile":0,"ocean_menu_typo_spacing_unit":"","ocean_menu_link_color":"","ocean_menu_link_color_hover":"","ocean_menu_link_color_active":"","ocean_menu_link_background":"","ocean_menu_link_hover_background":"","ocean_menu_link_active_background":"","ocean_menu_social_links_bg":"","ocean_menu_social_hover_links_bg":"","ocean_menu_social_links_color":"","ocean_menu_social_hover_links_color":"","ocean_disable_title":"default","ocean_disable_heading":"default","ocean_post_title":"","ocean_post_subheading":"","ocean_post_title_style":"","ocean_post_title_background_color":"","ocean_post_title_background":0,"ocean_post_title_bg_image_position":"","ocean_post_title_bg_image_attachment":"","ocean_post_title_bg_image_repeat":"","ocean_post_title_bg_image_size":"","ocean_post_title_height":0,"ocean_post_title_bg_overlay":0.5,"ocean_post_title_bg_overlay_color":"","ocean_disable_breadcrumbs":"default","ocean_breadcrumbs_color":"","ocean_breadcrumbs_separator_color":"","ocean_breadcrumbs_links_color":"","ocean_breadcrumbs_links_hover_color":"","ocean_display_footer_widgets":"default","ocean_display_footer_bottom":"default","ocean_custom_footer_template":"0","footnotes":""},"class_list":["post-2732","page","type-page","status-publish","hentry","entry"],"_links":{"self":[{"href":"https:\/\/le-noyau-du-jardin.com\/index.php?rest_route=\/wp\/v2\/pages\/2732","targetHints":{"allow":["GET"]}}],"collection":[{"href":"https:\/\/le-noyau-du-jardin.com\/index.php?rest_route=\/wp\/v2\/pages"}],"about":[{"href":"https:\/\/le-noyau-du-jardin.com\/index.php?rest_route=\/wp\/v2\/types\/page"}],"author":[{"embeddable":true,"href":"https:\/\/le-noyau-du-jardin.com\/index.php?rest_route=\/wp\/v2\/users\/1"}],"replies":[{"embeddable":true,"href":"https:\/\/le-noyau-du-jardin.com\/index.php?rest_route=%2Fwp%2Fv2%2Fcomments&post=2732"}],"version-history":[{"count":0,"href":"https:\/\/le-noyau-du-jardin.com\/index.php?rest_route=\/wp\/v2\/pages\/2732\/revisions"}],"wp:attachment":[{"href":"https:\/\/le-noyau-du-jardin.com\/index.php?rest_route=%2Fwp%2Fv2%2Fmedia&parent=2732"}],"curies":[{"name":"wp","href":"https:\/\/api.w.org\/{rel}","templated":true}]}}