{"id":25729,"date":"2025-07-11T12:44:34","date_gmt":"2025-07-11T10:44:34","guid":{"rendered":"https:\/\/le-noyau-du-jardin.com\/?page_id=25729"},"modified":"2025-07-11T13:06:48","modified_gmt":"2025-07-11T11:06:48","slug":"articles","status":"publish","type":"page","link":"https:\/\/le-noyau-du-jardin.com\/?page_id=25729","title":{"rendered":"Articles"},"content":{"rendered":"\t\t<div data-elementor-type=\"wp-page\" data-elementor-id=\"25729\" class=\"elementor elementor-25729\" data-elementor-post-type=\"page\">\n\t\t\t\t<div class=\"elementor-element elementor-element-92e65a2 e-flex e-con-boxed e-con e-parent\" data-id=\"92e65a2\" data-element_type=\"container\" data-e-type=\"container\">\n\t\t\t\t\t<div class=\"e-con-inner\">\n\t\t\t\t<div class=\"elementor-element elementor-element-dbcb99f elementor-widget elementor-widget-heading\" data-id=\"dbcb99f\" data-element_type=\"widget\" data-e-type=\"widget\" data-widget_type=\"heading.default\">\n\t\t\t\t<div class=\"elementor-widget-container\">\n\t\t\t\t\t<h2 class=\"elementor-heading-title elementor-size-default\">Parce qu\u2019il y a toujours des lois qui heurtent notre \u00e9thique\u2026<\/h2>\t\t\t\t<\/div>\n\t\t\t\t<\/div>\n\t\t\t\t<div class=\"elementor-element elementor-element-704655d elementor-widget elementor-widget-heading\" data-id=\"704655d\" data-element_type=\"widget\" data-e-type=\"widget\" data-widget_type=\"heading.default\">\n\t\t\t\t<div class=\"elementor-widget-container\">\n\t\t\t\t\t<h2 class=\"elementor-heading-title elementor-size-default\">Cela nous attriste autant que cela nous r\u00e9volte.<\/h2>\t\t\t\t<\/div>\n\t\t\t\t<\/div>\n\t\t\t\t<div class=\"elementor-element elementor-element-80773d4 elementor-widget elementor-widget-text-editor\" data-id=\"80773d4\" data-element_type=\"widget\" data-e-type=\"widget\" data-widget_type=\"text-editor.default\">\n\t\t\t\t<div class=\"elementor-widget-container\">\n\t\t\t\t\t\t\t\t\t<p data-start=\"390\" data-end=\"656\">Comme cette loi dite \u00ab\u202fDuplomb\u202f\u00bb, vot\u00e9e le mardi 9 juillet 2025 \u00e0 l\u2019Assembl\u00e9e nationale.<br data-start=\"478\" data-end=\"481\" \/>Sous couvert de \u00ab\u202fsimplification\u202f\u00bb, elle marque un grave recul sur des avanc\u00e9es environnementales obtenues de haute lutte face aux vieilles habitudes et aux lobbies dominants.<\/p><p data-start=\"658\" data-end=\"890\">On pr\u00e9tend vouloir \u00ab\u202ffaciliter la vie des agriculteurs \u00bb \u2014 mais <strong data-start=\"722\" data-end=\"758\">de quels agriculteurs parle-t-on<\/strong> vraiment ? Certainement pas de ceux qui prennent soin du sol, des \u00e9cosyst\u00e8mes, ni de ceux qui cultivent en harmonie avec le vivant.<\/p><p data-start=\"892\" data-end=\"941\">Voici quelques mesures contenues dans cette loi :<\/p><ul data-start=\"942\" data-end=\"1100\"><li data-start=\"942\" data-end=\"1003\"><p data-start=\"944\" data-end=\"1003\">\u2705 Autorisation facilit\u00e9e de pesticides pourtant interdits<\/p><\/li><li data-start=\"1004\" data-end=\"1039\"><p data-start=\"1006\" data-end=\"1039\">\u2705 L\u00e9galisation des m\u00e9gabassines<\/p><\/li><li data-start=\"1040\" data-end=\"1100\"><p data-start=\"1042\" data-end=\"1100\">\u2705 R\u00e9duction des contraintes pour les \u00e9levages industriels\u2026<\/p><\/li><\/ul>\t\t\t\t\t\t\t\t<\/div>\n\t\t\t\t<\/div>\n\t\t\t\t<div class=\"elementor-element elementor-element-e20d0b9 elementor-widget elementor-widget-heading\" data-id=\"e20d0b9\" data-element_type=\"widget\" data-e-type=\"widget\" data-widget_type=\"heading.default\">\n\t\t\t\t<div class=\"elementor-widget-container\">\n\t\t\t\t\t<h2 class=\"elementor-heading-title elementor-size-default\">Cela nous attriste autant que cela nous r\u00e9volte.<\/h2>\t\t\t\t<\/div>\n\t\t\t\t<\/div>\n\t\t\t\t<div class=\"elementor-element elementor-element-a02076a elementor-widget elementor-widget-text-editor\" data-id=\"a02076a\" data-element_type=\"widget\" data-e-type=\"widget\" data-widget_type=\"text-editor.default\">\n\t\t\t\t<div class=\"elementor-widget-container\">\n\t\t\t\t\t\t\t\t\t<p data-start=\"1152\" data-end=\"1288\">Alors, plus que jamais, <strong data-start=\"1176\" data-end=\"1234\">nous devons r\u00e9affirmer notre vision d\u2019un futur vivable<\/strong>, pour la plan\u00e8te\u2026 et pour nos environnements proches.<\/p><p data-start=\"1290\" data-end=\"1452\">Cela fait des ann\u00e9es que nous nous battons pour un monde respectueux de la vie, de la sant\u00e9, du bien-\u00eatre \u2014 pour les humains, les animaux, les sols, les for\u00eats&#8230;<\/p><p data-start=\"1454\" data-end=\"1543\">Et face \u00e0 ceux qui s\u2019en moquent,<br data-start=\"1486\" data-end=\"1489\" \/><strong data-start=\"1489\" data-end=\"1543\">nous continuerons de r\u00e9pondre par la transmission.<\/strong><\/p>\t\t\t\t\t\t\t\t<\/div>\n\t\t\t\t<\/div>\n\t\t\t\t<div class=\"elementor-element elementor-element-059d6d0 elementor-widget elementor-widget-text-editor\" data-id=\"059d6d0\" data-element_type=\"widget\" data-e-type=\"widget\" data-widget_type=\"text-editor.default\">\n\t\t\t\t<div class=\"elementor-widget-container\">\n\t\t\t\t\t\t\t\t\t<p><span data-olk-copy-source=\"MessageBody\">Nous devons r\u00e9affirmer notre vision du futur de la plan\u00e8te <br \/>et plus pr\u00e8s de nous, <br \/>de notre environnement.<\/span><\/p>\t\t\t\t\t\t\t\t<\/div>\n\t\t\t\t<\/div>\n\t\t\t\t<div class=\"elementor-element elementor-element-880cbcb elementor-widget elementor-widget-heading\" data-id=\"880cbcb\" data-element_type=\"widget\" data-e-type=\"widget\" data-widget_type=\"heading.default\">\n\t\t\t\t<div class=\"elementor-widget-container\">\n\t\t\t\t\t<h2 class=\"elementor-heading-title elementor-size-default\">C\u2019est pourquoi vous trouverez ici des centaines d\u2019articles gratuits pour reprendre du pouvoir \u00e0 votre \u00e9chelle :<\/h2>\t\t\t\t<\/div>\n\t\t\t\t<\/div>\n\t\t\t\t<div class=\"elementor-element elementor-element-a4e17f7 elementor-widget elementor-widget-text-editor\" data-id=\"a4e17f7\" data-element_type=\"widget\" data-e-type=\"widget\" data-widget_type=\"text-editor.default\">\n\t\t\t\t<div class=\"elementor-widget-container\">\n\t\t\t\t\t\t\t\t\t<p>\u2022 \ud83e\udd55 <strong data-start=\"1675\" data-end=\"1694\">Potager naturel<\/strong> : cultiver une alimentation saine et vivante<br data-start=\"1739\" data-end=\"1742\" \/>\u2022 \ud83c\udf33 <strong data-start=\"1747\" data-end=\"1781\">Jardin-for\u00eat et verger naturel<\/strong> : recr\u00e9er des \u00e9cosyst\u00e8mes nourriciers<br data-start=\"1819\" data-end=\"1822\" \/>\u2022 \ud83d\udee0 <strong data-start=\"1827\" data-end=\"1855\">Savoirs-faire essentiels<\/strong> : compost, buttes, mare, gestion des arbres, r\u00e9cup\u00e9ration d\u2019eau\u2026<br data-start=\"1920\" data-end=\"1923\" \/>\u2022 \ud83d\udc1d <strong data-start=\"1928\" data-end=\"1944\">Biodiversit\u00e9<\/strong> : attirer la vie plut\u00f4t que la fuir.<\/p>\t\t\t\t\t\t\t\t<\/div>\n\t\t\t\t<\/div>\n\t\t\t\t<div class=\"elementor-element elementor-element-fd84889 elementor-widget elementor-widget-heading\" data-id=\"fd84889\" data-element_type=\"widget\" data-e-type=\"widget\" data-widget_type=\"heading.default\">\n\t\t\t\t<div class=\"elementor-widget-container\">\n\t\t\t\t\t<h2 class=\"elementor-heading-title elementor-size-default\">Tous les contenus gratuits sont ici<\/h2>\t\t\t\t<\/div>\n\t\t\t\t<\/div>\n\t\t\t\t<div class=\"elementor-element elementor-element-f74503e elementor-widget elementor-widget-text-editor\" data-id=\"f74503e\" data-element_type=\"widget\" data-e-type=\"widget\" data-widget_type=\"text-editor.default\">\n\t\t\t\t<div class=\"elementor-widget-container\">\n\t\t\t\t\t\t\t\t\t<p>\u2014 pour apprendre, comprendre, agir, et ne jamais renoncer.<\/p>\t\t\t\t\t\t\t\t<\/div>\n\t\t\t\t<\/div>\n\t\t\t\t<div class=\"elementor-element elementor-element-ff58c20 elementor-widget elementor-widget-spacer\" data-id=\"ff58c20\" data-element_type=\"widget\" data-e-type=\"widget\" data-widget_type=\"spacer.default\">\n\t\t\t\t<div class=\"elementor-widget-container\">\n\t\t\t\t\t\t\t<div class=\"elementor-spacer\">\n\t\t\t<div class=\"elementor-spacer-inner\"><\/div>\n\t\t<\/div>\n\t\t\t\t\t\t<\/div>\n\t\t\t\t<\/div>\n\t\t\t\t\t<\/div>\n\t\t\t\t<\/div>\n\t\t<div class=\"elementor-element elementor-element-0fc9ef5 e-flex e-con-boxed e-con e-parent\" data-id=\"0fc9ef5\" data-element_type=\"container\" data-e-type=\"container\">\n\t\t\t\t\t<div class=\"e-con-inner\">\n\t\t\t\t<div class=\"elementor-element elementor-element-83fc347 elementor-grid-3 elementor-grid-tablet-2 elementor-grid-mobile-1 elementor-widget elementor-widget-portfolio\" data-id=\"83fc347\" data-element_type=\"widget\" data-e-type=\"widget\" data-settings=\"{&quot;row_gap&quot;:{&quot;unit&quot;:&quot;px&quot;,&quot;size&quot;:5,&quot;sizes&quot;:[]},&quot;columns&quot;:&quot;3&quot;,&quot;columns_tablet&quot;:&quot;2&quot;,&quot;columns_mobile&quot;:&quot;1&quot;,&quot;item_ratio&quot;:{&quot;unit&quot;:&quot;px&quot;,&quot;size&quot;:0.66,&quot;sizes&quot;:[]},&quot;item_gap&quot;:{&quot;unit&quot;:&quot;px&quot;,&quot;size&quot;:&quot;&quot;,&quot;sizes&quot;:[]}}\" data-widget_type=\"portfolio.default\">\n\t\t\t\t<div class=\"elementor-widget-container\">\n\t\t\t\t\t\t\t<div class=\"elementor-portfolio elementor-grid elementor-posts-container\" role=\"list\">\n\t\t\t\t<article class=\"elementor-portfolio-item elementor-post  post-28857 post type-post status-publish format-standard has-post-thumbnail hentry category-blog category-bonne-nourriture category-sol-vivant entry has-media\" role=\"listitem\">\n\t\t\t<a class=\"elementor-post__thumbnail__link\" href=\"https:\/\/le-noyau-du-jardin.com\/?p=28857\">\n\t\t\t\t<div class=\"elementor-portfolio-item__img elementor-post__thumbnail\">\n\t\t\t<img fetchpriority=\"high\" decoding=\"async\" width=\"300\" height=\"198\" src=\"https:\/\/le-noyau-du-jardin.com\/wp-content\/uploads\/2026\/04\/cadmium-intoxication-wb-300x198.jpg\" class=\"attachment-medium size-medium wp-image-28897\" alt=\"Cadmium, un poison\" srcset=\"https:\/\/le-noyau-du-jardin.com\/wp-content\/uploads\/2026\/04\/cadmium-intoxication-wb-300x198.jpg 300w, https:\/\/le-noyau-du-jardin.com\/wp-content\/uploads\/2026\/04\/cadmium-intoxication-wb-1024x676.jpg 1024w, https:\/\/le-noyau-du-jardin.com\/wp-content\/uploads\/2026\/04\/cadmium-intoxication-wb-768x507.jpg 768w, https:\/\/le-noyau-du-jardin.com\/wp-content\/uploads\/2026\/04\/cadmium-intoxication-wb-350x231.jpg 350w, https:\/\/le-noyau-du-jardin.com\/wp-content\/uploads\/2026\/04\/cadmium-intoxication-wb.jpg 1257w\" sizes=\"(max-width: 300px) 100vw, 300px\" \/>\t\t<\/div>\n\t\t\t\t<div class=\"elementor-portfolio-item__overlay\">\n\t\t\t\t<h3 class=\"elementor-portfolio-item__title\">\n\t\tCadmium, un poison au jardin : comprendre, \u00e9viter, r\u00e9parer\t\t<\/h3>\n\t\t\t\t<\/div>\n\t\t\t\t<\/a>\n\t\t<\/article>\n\t\t\t\t<article class=\"elementor-portfolio-item elementor-post  post-28785 post type-post status-publish format-standard has-post-thumbnail hentry category-blog entry has-media\" role=\"listitem\">\n\t\t\t<a class=\"elementor-post__thumbnail__link\" href=\"https:\/\/le-noyau-du-jardin.com\/?p=28785\">\n\t\t\t\t<div class=\"elementor-portfolio-item__img elementor-post__thumbnail\">\n\t\t\t<img decoding=\"async\" width=\"300\" height=\"205\" src=\"https:\/\/le-noyau-du-jardin.com\/wp-content\/uploads\/2026\/03\/Miam-wb-300x205.jpg\" class=\"attachment-medium size-medium wp-image-28797\" alt=\"Envie de carotte\" srcset=\"https:\/\/le-noyau-du-jardin.com\/wp-content\/uploads\/2026\/03\/Miam-wb-300x205.jpg 300w, https:\/\/le-noyau-du-jardin.com\/wp-content\/uploads\/2026\/03\/Miam-wb-768x525.jpg 768w, https:\/\/le-noyau-du-jardin.com\/wp-content\/uploads\/2026\/03\/Miam-wb-350x239.jpg 350w, https:\/\/le-noyau-du-jardin.com\/wp-content\/uploads\/2026\/03\/Miam-wb.jpg 1000w\" sizes=\"(max-width: 300px) 100vw, 300px\" \/>\t\t<\/div>\n\t\t\t\t<div class=\"elementor-portfolio-item__overlay\">\n\t\t\t\t<h3 class=\"elementor-portfolio-item__title\">\n\t\tLa carotte au printemps : bienfaits, id\u00e9es re\u00e7ues et culture au naturel\t\t<\/h3>\n\t\t\t\t<\/div>\n\t\t\t\t<\/a>\n\t\t<\/article>\n\t\t\t\t<article class=\"elementor-portfolio-item elementor-post  post-28685 post type-post status-publish format-standard has-post-thumbnail hentry category-blog category-bonne-nourriture entry has-media\" role=\"listitem\">\n\t\t\t<a class=\"elementor-post__thumbnail__link\" href=\"https:\/\/le-noyau-du-jardin.com\/?p=28685\">\n\t\t\t\t<div class=\"elementor-portfolio-item__img elementor-post__thumbnail\">\n\t\t\t<img decoding=\"async\" width=\"221\" height=\"300\" src=\"https:\/\/le-noyau-du-jardin.com\/wp-content\/uploads\/2026\/03\/pois-bleu-wb1000-1-221x300.jpg\" class=\"attachment-medium size-medium wp-image-28732\" alt=\"pois bleu pour tisane magique\" srcset=\"https:\/\/le-noyau-du-jardin.com\/wp-content\/uploads\/2026\/03\/pois-bleu-wb1000-1-221x300.jpg 221w, https:\/\/le-noyau-du-jardin.com\/wp-content\/uploads\/2026\/03\/pois-bleu-wb1000-1-350x476.jpg 350w, https:\/\/le-noyau-du-jardin.com\/wp-content\/uploads\/2026\/03\/pois-bleu-wb1000-1.jpg 735w\" sizes=\"(max-width: 221px) 100vw, 221px\" \/>\t\t<\/div>\n\t\t\t\t<div class=\"elementor-portfolio-item__overlay\">\n\t\t\t\t<h3 class=\"elementor-portfolio-item__title\">\n\t\tCultiver le pois bleu, la fleur du th\u00e9 matcha bleu\t\t<\/h3>\n\t\t\t\t<\/div>\n\t\t\t\t<\/a>\n\t\t<\/article>\n\t\t\t\t<article class=\"elementor-portfolio-item elementor-post  post-28575 post type-post status-publish format-standard has-post-thumbnail hentry category-blog category-fiches-legumes category-bonne-nourriture entry has-media\" role=\"listitem\">\n\t\t\t<a class=\"elementor-post__thumbnail__link\" href=\"https:\/\/le-noyau-du-jardin.com\/?p=28575\">\n\t\t\t\t<div class=\"elementor-portfolio-item__img elementor-post__thumbnail\">\n\t\t\t<img loading=\"lazy\" decoding=\"async\" width=\"300\" height=\"151\" src=\"https:\/\/le-noyau-du-jardin.com\/wp-content\/uploads\/2026\/02\/souchet-wb-300x151.jpg\" class=\"attachment-medium size-medium wp-image-28628\" alt=\"Le souchet comestible\" srcset=\"https:\/\/le-noyau-du-jardin.com\/wp-content\/uploads\/2026\/02\/souchet-wb-300x151.jpg 300w, https:\/\/le-noyau-du-jardin.com\/wp-content\/uploads\/2026\/02\/souchet-wb-768x386.jpg 768w, https:\/\/le-noyau-du-jardin.com\/wp-content\/uploads\/2026\/02\/souchet-wb-350x176.jpg 350w, https:\/\/le-noyau-du-jardin.com\/wp-content\/uploads\/2026\/02\/souchet-wb.jpg 1000w\" sizes=\"(max-width: 300px) 100vw, 300px\" \/>\t\t<\/div>\n\t\t\t\t<div class=\"elementor-portfolio-item__overlay\">\n\t\t\t\t<h3 class=\"elementor-portfolio-item__title\">\n\t\tSouchet (Chufa) : cultiver, r\u00e9colter et pr\u00e9parer l\u2019horchata maison\t\t<\/h3>\n\t\t\t\t<\/div>\n\t\t\t\t<\/a>\n\t\t<\/article>\n\t\t\t\t<article class=\"elementor-portfolio-item elementor-post  post-28512 post type-post status-publish format-standard has-post-thumbnail hentry category-blog category-sol-vivant entry has-media\" role=\"listitem\">\n\t\t\t<a class=\"elementor-post__thumbnail__link\" href=\"https:\/\/le-noyau-du-jardin.com\/?p=28512\">\n\t\t\t\t<div class=\"elementor-portfolio-item__img elementor-post__thumbnail\">\n\t\t\t<img loading=\"lazy\" decoding=\"async\" width=\"200\" height=\"300\" src=\"https:\/\/le-noyau-du-jardin.com\/wp-content\/uploads\/2026\/02\/jardin-foret-familial-wb1000-200x300.jpg\" class=\"attachment-medium size-medium wp-image-28517\" alt=\"jardin-for\u00eat-familial 100 m\u00b2\" srcset=\"https:\/\/le-noyau-du-jardin.com\/wp-content\/uploads\/2026\/02\/jardin-foret-familial-wb1000-200x300.jpg 200w, https:\/\/le-noyau-du-jardin.com\/wp-content\/uploads\/2026\/02\/jardin-foret-familial-wb1000-683x1024.jpg 683w, https:\/\/le-noyau-du-jardin.com\/wp-content\/uploads\/2026\/02\/jardin-foret-familial-wb1000-768x1152.jpg 768w, https:\/\/le-noyau-du-jardin.com\/wp-content\/uploads\/2026\/02\/jardin-foret-familial-wb1000-350x525.jpg 350w, https:\/\/le-noyau-du-jardin.com\/wp-content\/uploads\/2026\/02\/jardin-foret-familial-wb1000.jpg 1000w\" sizes=\"(max-width: 200px) 100vw, 200px\" \/>\t\t<\/div>\n\t\t\t\t<div class=\"elementor-portfolio-item__overlay\">\n\t\t\t\t<h3 class=\"elementor-portfolio-item__title\">\n\t\tD&rsquo;une pelouse en 2D \u00e0 un jardin for\u00eat 3D\t\t<\/h3>\n\t\t\t\t<\/div>\n\t\t\t\t<\/a>\n\t\t<\/article>\n\t\t\t\t<article class=\"elementor-portfolio-item elementor-post  post-28377 post type-post status-publish format-standard has-post-thumbnail hentry category-blog category-bonheur category-bonne-nourriture category-sol-vivant entry has-media\" role=\"listitem\">\n\t\t\t<a class=\"elementor-post__thumbnail__link\" href=\"https:\/\/le-noyau-du-jardin.com\/?p=28377\">\n\t\t\t\t<div class=\"elementor-portfolio-item__img elementor-post__thumbnail\">\n\t\t\t<img loading=\"lazy\" decoding=\"async\" width=\"300\" height=\"199\" src=\"https:\/\/le-noyau-du-jardin.com\/wp-content\/uploads\/2025\/12\/corps-ville-jardin-wb-300x199.jpg\" class=\"attachment-medium size-medium wp-image-28402\" alt=\"Le jardin organe de vie\" srcset=\"https:\/\/le-noyau-du-jardin.com\/wp-content\/uploads\/2025\/12\/corps-ville-jardin-wb-300x199.jpg 300w, https:\/\/le-noyau-du-jardin.com\/wp-content\/uploads\/2025\/12\/corps-ville-jardin-wb-1024x680.jpg 1024w, https:\/\/le-noyau-du-jardin.com\/wp-content\/uploads\/2025\/12\/corps-ville-jardin-wb-768x510.jpg 768w, https:\/\/le-noyau-du-jardin.com\/wp-content\/uploads\/2025\/12\/corps-ville-jardin-wb-350x232.jpg 350w, https:\/\/le-noyau-du-jardin.com\/wp-content\/uploads\/2025\/12\/corps-ville-jardin-wb.jpg 1337w\" sizes=\"(max-width: 300px) 100vw, 300px\" \/>\t\t<\/div>\n\t\t\t\t<div class=\"elementor-portfolio-item__overlay\">\n\t\t\t\t<h3 class=\"elementor-portfolio-item__title\">\n\t\tLa place du jardin comme espace vital\t\t<\/h3>\n\t\t\t\t<\/div>\n\t\t\t\t<\/a>\n\t\t<\/article>\n\t\t\t\t<\/div>\n\t\t\t\t\t\t<\/div>\n\t\t\t\t<\/div>\n\t\t\t\t<div class=\"elementor-element elementor-element-b2702b0 elementor-widget elementor-widget-search\" data-id=\"b2702b0\" data-element_type=\"widget\" data-e-type=\"widget\" data-settings=\"{&quot;pagination_type_options&quot;:&quot;numbers&quot;,&quot;submit_trigger&quot;:&quot;click_submit&quot;,&quot;page_limit_settings&quot;:5}\" data-widget_type=\"search.default\">\n\t\t\t\t<div class=\"elementor-widget-container\">\n\t\t\t\t\t\t\t<search class=\"e-search hidden\" role=\"search\">\n\t\t\t<form class=\"e-search-form\" action=\"https:\/\/le-noyau-du-jardin.com\" method=\"get\">\n\n\t\t\t\t\n\t\t\t\t<label class=\"e-search-label\" for=\"search-b2702b0\">\n\t\t\t\t\t<span class=\"elementor-screen-only\">\n\t\t\t\t\t\tRechercher \t\t\t\t\t<\/span>\n\t\t\t\t\t\t\t\t\t<\/label>\n\n\t\t\t\t<div class=\"e-search-input-wrapper\">\n\t\t\t\t\t<input id=\"search-b2702b0\" placeholder=\"Tapez ici votre recherche\" class=\"e-search-input\" type=\"search\" name=\"s\" value=\"\" autocomplete=\"off\" role=\"combobox\" aria-autocomplete=\"list\" aria-expanded=\"false\" aria-controls=\"results-b2702b0\" aria-haspopup=\"listbox\">\n\t\t\t\t\t<i aria-hidden=\"true\" class=\"fas fa-times\"><\/i>\t\t\t\t\t\t\t\t\t\t<output id=\"results-b2702b0\" class=\"e-search-results-container hide-loader\" aria-live=\"polite\" aria-atomic=\"true\" aria-label=\"Results for search\" tabindex=\"0\">\n\t\t\t\t\t\t<div class=\"e-search-results\"><\/div>\n\t\t\t\t\t\t\t\t\t\t\t<\/output>\n\t\t\t\t\t\t\t\t\t<\/div>\n\t\t\t\t\n\t\t\t\t\n\t\t\t\t<button class=\"e-search-submit  \" type=\"submit\">\n\t\t\t\t\t\n\t\t\t\t\t\t\t\t\t\t<span class=\"\">\n\t\t\t\t\t\tRechercher \t\t\t\t\t<\/span>\n\t\t\t\t\t\t\t\t\t<\/button>\n\t\t\t\t<input type=\"hidden\" name=\"e_search_props\" value=\"b2702b0-25729\">\n\t\t\t<\/form>\n\t\t<\/search>\n\t\t\t\t\t\t<\/div>\n\t\t\t\t<\/div>\n\t\t\t\t\t<\/div>\n\t\t\t\t<\/div>\n\t\t\t\t<\/div>\n\t\t","protected":false},"excerpt":{"rendered":"<p>Parce qu\u2019il y a toujours des lois qui heurtent notre \u00e9thique\u2026 Cela nous attriste autant que cela nous r\u00e9volte. Comme cette loi dite \u00ab\u202fDuplomb\u202f\u00bb, vot\u00e9e le mardi 9 juillet 2025 \u00e0 l\u2019Assembl\u00e9e nationale.Sous couvert de \u00ab\u202fsimplification\u202f\u00bb, elle marque un grave recul sur des avanc\u00e9es environnementales obtenues de haute lutte face aux vieilles habitudes et aux [&hellip;]<\/p>\n","protected":false},"author":1,"featured_media":0,"parent":0,"menu_order":0,"comment_status":"closed","ping_status":"closed","template":"","meta":{"ocean_post_layout":"","ocean_both_sidebars_style":"","ocean_both_sidebars_content_width":0,"ocean_both_sidebars_sidebars_width":0,"ocean_sidebar":"","ocean_second_sidebar":"","ocean_disable_margins":"enable","ocean_add_body_class":"","ocean_shortcode_before_top_bar":"","ocean_shortcode_after_top_bar":"","ocean_shortcode_before_header":"","ocean_shortcode_after_header":"","ocean_has_shortcode":"","ocean_shortcode_after_title":"","ocean_shortcode_before_footer_widgets":"","ocean_shortcode_after_footer_widgets":"","ocean_shortcode_before_footer_bottom":"","ocean_shortcode_after_footer_bottom":"","ocean_display_top_bar":"default","ocean_display_header":"default","ocean_header_style":"","ocean_center_header_left_menu":"","ocean_custom_header_template":"","ocean_custom_logo":0,"ocean_custom_retina_logo":0,"ocean_custom_logo_max_width":0,"ocean_custom_logo_tablet_max_width":0,"ocean_custom_logo_mobile_max_width":0,"ocean_custom_logo_max_height":0,"ocean_custom_logo_tablet_max_height":0,"ocean_custom_logo_mobile_max_height":0,"ocean_header_custom_menu":"","ocean_menu_typo_font_family":"","ocean_menu_typo_font_subset":"","ocean_menu_typo_font_size":0,"ocean_menu_typo_font_size_tablet":0,"ocean_menu_typo_font_size_mobile":0,"ocean_menu_typo_font_size_unit":"px","ocean_menu_typo_font_weight":"","ocean_menu_typo_font_weight_tablet":"","ocean_menu_typo_font_weight_mobile":"","ocean_menu_typo_transform":"","ocean_menu_typo_transform_tablet":"","ocean_menu_typo_transform_mobile":"","ocean_menu_typo_line_height":0,"ocean_menu_typo_line_height_tablet":0,"ocean_menu_typo_line_height_mobile":0,"ocean_menu_typo_line_height_unit":"","ocean_menu_typo_spacing":0,"ocean_menu_typo_spacing_tablet":0,"ocean_menu_typo_spacing_mobile":0,"ocean_menu_typo_spacing_unit":"","ocean_menu_link_color":"","ocean_menu_link_color_hover":"","ocean_menu_link_color_active":"","ocean_menu_link_background":"","ocean_menu_link_hover_background":"","ocean_menu_link_active_background":"","ocean_menu_social_links_bg":"","ocean_menu_social_hover_links_bg":"","ocean_menu_social_links_color":"","ocean_menu_social_hover_links_color":"","ocean_disable_title":"default","ocean_disable_heading":"default","ocean_post_title":"","ocean_post_subheading":"","ocean_post_title_style":"","ocean_post_title_background_color":"","ocean_post_title_background":0,"ocean_post_title_bg_image_position":"","ocean_post_title_bg_image_attachment":"","ocean_post_title_bg_image_repeat":"","ocean_post_title_bg_image_size":"","ocean_post_title_height":0,"ocean_post_title_bg_overlay":0.5,"ocean_post_title_bg_overlay_color":"","ocean_disable_breadcrumbs":"default","ocean_breadcrumbs_color":"","ocean_breadcrumbs_separator_color":"","ocean_breadcrumbs_links_color":"","ocean_breadcrumbs_links_hover_color":"","ocean_display_footer_widgets":"default","ocean_display_footer_bottom":"default","ocean_custom_footer_template":"","footnotes":""},"class_list":["post-25729","page","type-page","status-publish","hentry","entry","has-media"],"_links":{"self":[{"href":"https:\/\/le-noyau-du-jardin.com\/index.php?rest_route=\/wp\/v2\/pages\/25729","targetHints":{"allow":["GET"]}}],"collection":[{"href":"https:\/\/le-noyau-du-jardin.com\/index.php?rest_route=\/wp\/v2\/pages"}],"about":[{"href":"https:\/\/le-noyau-du-jardin.com\/index.php?rest_route=\/wp\/v2\/types\/page"}],"author":[{"embeddable":true,"href":"https:\/\/le-noyau-du-jardin.com\/index.php?rest_route=\/wp\/v2\/users\/1"}],"replies":[{"embeddable":true,"href":"https:\/\/le-noyau-du-jardin.com\/index.php?rest_route=%2Fwp%2Fv2%2Fcomments&post=25729"}],"version-history":[{"count":0,"href":"https:\/\/le-noyau-du-jardin.com\/index.php?rest_route=\/wp\/v2\/pages\/25729\/revisions"}],"wp:attachment":[{"href":"https:\/\/le-noyau-du-jardin.com\/index.php?rest_route=%2Fwp%2Fv2%2Fmedia&parent=25729"}],"curies":[{"name":"wp","href":"https:\/\/api.w.org\/{rel}","templated":true}]}}